{"id":3665,"date":"2022-10-28T22:28:59","date_gmt":"2022-10-28T22:28:59","guid":{"rendered":"https:\/\/olivierdonnars.com\/fr\/?page_id=3665"},"modified":"2022-10-28T22:28:59","modified_gmt":"2022-10-28T22:28:59","slug":"brodeur-dhistoire-2","status":"publish","type":"page","link":"https:\/\/olivierdonnars.com\/fr\/?page_id=3665","title":{"rendered":"Brodeur d&rsquo;histoire"},"content":{"rendered":"\n<p>Ollivier Henry parle un peu comme il brode. Son langage est cisel\u00e9 et raffin\u00e9 \u00e0 l\u2019image des costumes finement brod\u00e9s qu\u2019il cr\u00e9\u00e9. Lui qui aurait du vivre aux confins du XVIIe si\u00e8cle est capable de nous entra\u00eener au fil de son aiguille au c\u0153ur m\u00eame d\u2019une r\u00e9ception chez madame de Maintenon, ou dans le boudoir d\u2019une reine d\u2019Espagne.<br>Ce magicien \u00e9rudit et passionn\u00e9 par l\u2019histoire du costume, n\u2019en reste pas moins modeste et discret. Son art, il l\u2019enseigne au sein de la prestigieuse Ecole Sup\u00e9rieure des Arts Appliqu\u00e9s Duperr\u00e9. Monsieur Henry, comme on a coutume de l\u2019appeler dans cet \u00e9tablissement, y transmet depuis 30 ans la ma\u00eetrise parfaite des techniques et des fondements de la broderie \u00e0 de jeunes apprenties. Un travail de qualit\u00e9 qui leur vaut la reconnaissance d\u2019\u00eatre expos\u00e9es d\u2019octobre 2019 \u00e0 janvier 2020 aux c\u00f4t\u00e9s des broderies m\u00e9di\u00e9vales du mus\u00e9e Cluny. En attendant, Mr Henry continuera \u00e0 se consacrer \u00e0 de nouvelles cr\u00e9ations personnelles, toutes plus \u00e9poustouflantes les unes que les autres.<\/p>\n\n\n\n<div class=\"alignnormal\">[metaslider id=3661 cssclass=\u00a0\u00bb\u00a0\u00bb]<\/div>\n","protected":false},"excerpt":{"rendered":"<p>Ollivier Henry parle un peu comme il brode. Son langage est cisel\u00e9 et raffin\u00e9 \u00e0 l\u2019image des costumes finement brod\u00e9s qu\u2019il cr\u00e9\u00e9. Lui qui aurait du vivre aux confins du XVIIe si\u00e8cle est capable de<span class=\"more-button\"><a href=\"https:\/\/olivierdonnars.com\/fr\/?page_id=3665\" class=\"more-link\">Lire la suite<span class=\"screen-reader-text\">Brodeur d&rsquo;histoire<\/span><i class=\"fa fa-angle-right\" aria-hidden=\"true\"><\/i><\/a><\/span><\/p>\n","protected":false},"author":1,"featured_media":0,"parent":0,"menu_order":0,"comment_status":"closed","ping_status":"closed","template":"elementor_header_footer","meta":{"footnotes":""},"class_list":["post-3665","page","type-page","status-publish","hentry"],"jetpack_sharing_enabled":true,"_links":{"self":[{"href":"https:\/\/olivierdonnars.com\/fr\/index.php?rest_route=\/wp\/v2\/pages\/3665","targetHints":{"allow":["GET"]}}],"collection":[{"href":"https:\/\/olivierdonnars.com\/fr\/index.php?rest_route=\/wp\/v2\/pages"}],"about":[{"href":"https:\/\/olivierdonnars.com\/fr\/index.php?rest_route=\/wp\/v2\/types\/page"}],"author":[{"embeddable":true,"href":"https:\/\/olivierdonnars.com\/fr\/index.php?rest_route=\/wp\/v2\/users\/1"}],"replies":[{"embeddable":true,"href":"https:\/\/olivierdonnars.com\/fr\/index.php?rest_route=%2Fwp%2Fv2%2Fcomments&post=3665"}],"version-history":[{"count":1,"href":"https:\/\/olivierdonnars.com\/fr\/index.php?rest_route=\/wp\/v2\/pages\/3665\/revisions"}],"predecessor-version":[{"id":3666,"href":"https:\/\/olivierdonnars.com\/fr\/index.php?rest_route=\/wp\/v2\/pages\/3665\/revisions\/3666"}],"wp:attachment":[{"href":"https:\/\/olivierdonnars.com\/fr\/index.php?rest_route=%2Fwp%2Fv2%2Fmedia&parent=3665"}],"curies":[{"name":"wp","href":"https:\/\/api.w.org\/{rel}","templated":true}]}}